{"id":230,"date":"2025-11-06T21:33:36","date_gmt":"2025-11-07T00:33:36","guid":{"rendered":"https:\/\/futurodopreterito.com.br\/?post_type=product&#038;p=230"},"modified":"2026-03-02T07:34:49","modified_gmt":"2026-03-02T10:34:49","slug":"futuro-do-preterito-algumas-escolhas-sao-eternas","status":"publish","type":"product","link":"https:\/\/futurodopreterito.com.br\/?product=futuro-do-preterito-algumas-escolhas-sao-eternas","title":{"rendered":"Futuro do Pret\u00e9rito &#8211; Algumas escolhas s\u00e3o eternas."},"content":{"rendered":"<p style=\"text-align: center;\"><strong><a href=\"https:\/\/futurodopreterito.com.br?page_id=352\" target=\"_blank\" rel=\"noopener\">Clique aqui e baixe capitulo cortesia<\/a><\/strong><\/p>\n<p style=\"text-align: center;\"><a href=\"https:\/\/futurodopreterito.com.br\/\"><strong>Futuro do Pret\u00e9rito &#8211; Algumas escolhas s\u00e3o eternas.<\/strong><\/a><\/p>\n<p style=\"text-align: center;\">Se preferir comprar direto da Editora, envio em m\u00e9dia de 7 dias: <a href=\"https:\/\/loja.uiclap.com\/titulo\/ua125022\/\" target=\"_blank\" rel=\"noopener\">clique aqui &#8212; Uiclap<\/a><\/p>\n<p style=\"text-align: center;\"><a href=\"https:\/\/a.co\/d\/fq0dwFz\">Vers\u00e3o Kindle<\/a><\/p>\n<p style=\"text-align: center;\">O Ambiente \u00e9 seguro, meio de pagamentos intermediados pelo Mercado Pago<\/p>\n<p style=\"text-align: center;\">Informe se desejar autografado no campo ap\u00f3s as formas de pagamento<img loading=\"lazy\" decoding=\"async\" class=\" wp-image-260 aligncenter\" src=\"https:\/\/futurodopreterito.com.br\/wp-content\/uploads\/2025\/11\/Captura-de-Tela-2025-11-13-as-21.33.55-300x94.png\" alt=\"\" width=\"492\" height=\"154\" srcset=\"https:\/\/futurodopreterito.com.br\/wp-content\/uploads\/2025\/11\/Captura-de-Tela-2025-11-13-as-21.33.55-300x94.png 300w, https:\/\/futurodopreterito.com.br\/wp-content\/uploads\/2025\/11\/Captura-de-Tela-2025-11-13-as-21.33.55-1024x321.png 1024w, https:\/\/futurodopreterito.com.br\/wp-content\/uploads\/2025\/11\/Captura-de-Tela-2025-11-13-as-21.33.55-768x241.png 768w, https:\/\/futurodopreterito.com.br\/wp-content\/uploads\/2025\/11\/Captura-de-Tela-2025-11-13-as-21.33.55-600x188.png 600w, https:\/\/futurodopreterito.com.br\/wp-content\/uploads\/2025\/11\/Captura-de-Tela-2025-11-13-as-21.33.55.png 1194w\" sizes=\"auto, (max-width: 492px) 100vw, 492px\" \/><\/p>\n<p style=\"text-align: center;\"><em>Futuro do Pret\u00e9rito<\/em> \u00e9 um romance que atravessa d\u00e9cadas e s\u00e9culos para contar a forma\u00e7\u00e3o de um homem que carrega, desde a inf\u00e2ncia, sinais de que seu destino nunca foi comum. Entre lembran\u00e7as de uma juventude anal\u00f3gica e a ascens\u00e3o de um futuro hiperconectado, acompanhamos sua trajet\u00f3ria marcada por curiosidade, ci\u00eancia e um inc\u00f4modo sentimento de que h\u00e1 algo maior operando acima de sua vontade.<\/p>\n<p style=\"text-align: center;\">No distante s\u00e9culo XXVI, a humanidade vive sob um sistema global est\u00e1vel, movido por tecnologia avan\u00e7ada e por biochips que eliminaram conflitos e desigualdades. \u00c9 nesse cen\u00e1rio que o protagonista se torna pe\u00e7a central de um projeto cient\u00edfico t\u00e3o grandioso quanto perigoso \u2014 um experimento capaz de alterar n\u00e3o apenas o curso da hist\u00f3ria, mas a pr\u00f3pria percep\u00e7\u00e3o de realidade.<\/p>\n<p style=\"text-align: center;\">Alternando epis\u00f3dios \u00edntimos de forma\u00e7\u00e3o pessoal com momentos de alta tens\u00e3o tecnol\u00f3gica, o livro conduz o leitor a uma reflex\u00e3o sobre escolhas, mem\u00f3ria, responsabilidade e o peso que carregamos por aquilo que deixamos de fazer.<\/p>\n<p style=\"text-align: center;\">Sem nunca entregar respostas f\u00e1ceis, <em>Futuro do Pret\u00e9rito<\/em> revela que o futuro n\u00e3o \u00e9 um lugar distante: \u00e9 um reflexo cont\u00ednuo de tudo o que fomos e de tudo o que tentamos evitar ser.<\/p>\n<p style=\"text-align: center;\"><strong>Uma narrativa sobre tempo, destino e a estranha capacidade humana de tentar corrigir a pr\u00f3pria hist\u00f3ria.<\/strong><\/p>\n<p style=\"text-align: center;\"><strong>Algumas escolhas n\u00e3o passam.<\/strong><\/p>\n<p style=\"text-align: center;\"><strong>Algumas escolhas retornam.<\/strong><\/p>\n<p style=\"text-align: center;\"><strong>E algumas escolhas\u2026 s\u00e3o eternas.<\/strong><\/p>\n","protected":false},"excerpt":{"rendered":"<p><strong>Futuro do Pret\u00e9rito &#8211; Algumas escolhas s\u00e3o eternas.<\/strong><\/p>\n<p>Em um mundo onde a tecnologia j\u00e1 n\u00e3o espanta, um homem se v\u00ea confrontado com decis\u00f5es, d\u00favidas e fantasmas. Futuro do Pret\u00e9rito \u00e9 uma fic\u00e7\u00e3o que flerta com o filos\u00f3fico, o social e o existencial, explorando as pequenas rupturas no tempo, na f\u00e9, na moral e na pr\u00f3pria no\u00e7\u00e3o de realidade.<br \/>\nNarrado com sarcasmo, lucidez e um humor amargo, o livro transita entre epis\u00f3dios \u00edntimos e eventos globais com a mesma naturalidade com que questiona os pilares da nossa cultura.<br \/>\n\u00c9 uma obra para quem gosta de pensar, para quem desconfia das respostas prontas e para quem n\u00e3o teme encontrar, em um romance futurista, as perguntas mais antigas da humanidade.<\/p>\n","protected":false},"featured_media":311,"comment_status":"open","ping_status":"closed","template":"","meta":{"_monsterinsights_skip_tracking":false,"_monsterinsights_sitenote_active":false,"_monsterinsights_sitenote_note":"","_monsterinsights_sitenote_category":0},"product_brand":[],"product_cat":[19],"product_tag":[],"class_list":{"0":"post-230","1":"product","2":"type-product","3":"status-publish","4":"has-post-thumbnail","6":"product_cat-sem-categoria","8":"first","9":"instock","10":"sale","11":"shipping-taxable","12":"purchasable","13":"product-type-simple"},"aioseo_notices":[],"_links":{"self":[{"href":"https:\/\/futurodopreterito.com.br\/index.php?rest_route=\/wp\/v2\/product\/230","targetHints":{"allow":["GET"]}}],"collection":[{"href":"https:\/\/futurodopreterito.com.br\/index.php?rest_route=\/wp\/v2\/product"}],"about":[{"href":"https:\/\/futurodopreterito.com.br\/index.php?rest_route=\/wp\/v2\/types\/product"}],"replies":[{"embeddable":true,"href":"https:\/\/futurodopreterito.com.br\/index.php?rest_route=%2Fwp%2Fv2%2Fcomments&post=230"}],"wp:featuredmedia":[{"embeddable":true,"href":"https:\/\/futurodopreterito.com.br\/index.php?rest_route=\/wp\/v2\/media\/311"}],"wp:attachment":[{"href":"https:\/\/futurodopreterito.com.br\/index.php?rest_route=%2Fwp%2Fv2%2Fmedia&parent=230"}],"wp:term":[{"taxonomy":"product_brand","embeddable":true,"href":"https:\/\/futurodopreterito.com.br\/index.php?rest_route=%2Fwp%2Fv2%2Fproduct_brand&post=230"},{"taxonomy":"product_cat","embeddable":true,"href":"https:\/\/futurodopreterito.com.br\/index.php?rest_route=%2Fwp%2Fv2%2Fproduct_cat&post=230"},{"taxonomy":"product_tag","embeddable":true,"href":"https:\/\/futurodopreterito.com.br\/index.php?rest_route=%2Fwp%2Fv2%2Fproduct_tag&post=230"}],"curies":[{"name":"wp","href":"https:\/\/api.w.org\/{rel}","templated":true}]}}